{"id":139,"date":"2020-04-22T10:03:30","date_gmt":"2020-04-22T10:03:30","guid":{"rendered":"https:\/\/bridge356.qodeinteractive.com\/?page_id=139"},"modified":"2025-08-12T19:04:17","modified_gmt":"2025-08-12T17:04:17","slug":"history","status":"publish","type":"page","link":"http:\/\/baracke35.org\/?page_id=139","title":{"rendered":"GESCHICHTE"},"content":{"rendered":"\t\t<div data-elementor-type=\"wp-page\" data-elementor-id=\"139\" class=\"elementor elementor-139\">\n\t\t\t\t\t\t<section class=\"elementor-section elementor-top-section elementor-element elementor-element-3ab36b1 elementor-section-full_width elementor-section-height-default elementor-section-height-default parallax_section_no qode_elementor_container_no\" data-id=\"3ab36b1\" data-element_type=\"section\" data-e-type=\"section\">\n\t\t\t\t\t\t<div class=\"elementor-container elementor-column-gap-no\">\n\t\t\t\t\t<div class=\"elementor-column elementor-col-100 elementor-top-column elementor-element elementor-element-d872322\" data-id=\"d872322\" data-element_type=\"column\" data-e-type=\"column\">\n\t\t\t<div class=\"elementor-widget-wrap\">\n\t\t\t\t\t\t\t<\/div>\n\t\t<\/div>\n\t\t\t\t\t<\/div>\n\t\t<\/section>\n\t\t\t\t<section class=\"elementor-section elementor-top-section elementor-element elementor-element-45a66c7 qode_elementor_container_inner elementor-section-boxed elementor-section-height-default elementor-section-height-default parallax_section_no\" data-id=\"45a66c7\" data-element_type=\"section\" data-e-type=\"section\">\n\t\t\t\t\t\t<div class=\"elementor-container elementor-column-gap-no\">\n\t\t\t\t\t<div class=\"elementor-column elementor-col-50 elementor-top-column elementor-element elementor-element-4c56c49\" data-id=\"4c56c49\" data-element_type=\"column\" data-e-type=\"column\">\n\t\t\t<div class=\"elementor-widget-wrap elementor-element-populated\">\n\t\t\t\t\t\t<div class=\"elementor-element elementor-element-cdc3e9f elementor-widget elementor-widget-text-editor\" data-id=\"cdc3e9f\" data-element_type=\"widget\" data-e-type=\"widget\" data-widget_type=\"text-editor.default\">\n\t\t\t\t<div class=\"elementor-widget-container\">\n\t\t\t\t\t\t\t\t\t<pre>Unsere Geschichte:<\/pre>\t\t\t\t\t\t\t\t<\/div>\n\t\t\t\t<\/div>\n\t\t\t\t<div class=\"elementor-element elementor-element-0dcb2d5 elementor-widget elementor-widget-text-editor\" data-id=\"0dcb2d5\" data-element_type=\"widget\" data-e-type=\"widget\" data-widget_type=\"text-editor.default\">\n\t\t\t\t<div class=\"elementor-widget-container\">\n\t\t\t\t\t\t\t\t\t<p>Die \u00fcber 70-j\u00e4hrige Geschichte der Barackenanlage in Osnabr\u00fcck-Atter l\u00e4sst sich in vier wichtige Zeitabschnitte gliedern:<\/p>\t\t\t\t\t\t\t\t<\/div>\n\t\t\t\t<\/div>\n\t\t\t\t\t<\/div>\n\t\t<\/div>\n\t\t\t\t<div class=\"elementor-column elementor-col-50 elementor-top-column elementor-element elementor-element-fd2fe5e\" data-id=\"fd2fe5e\" data-element_type=\"column\" data-e-type=\"column\">\n\t\t\t<div class=\"elementor-widget-wrap elementor-element-populated\">\n\t\t\t\t\t\t<div class=\"elementor-element elementor-element-b46a28a elementor-widget elementor-widget-image\" data-id=\"b46a28a\" data-element_type=\"widget\" data-e-type=\"widget\" data-widget_type=\"image.default\">\n\t\t\t\t<div class=\"elementor-widget-container\">\n\t\t\t\t\t\t\t\t\t\t\t\t\t\t\t<img fetchpriority=\"high\" decoding=\"async\" width=\"800\" height=\"396\" src=\"https:\/\/baracke35.org\/wp-content\/uploads\/2020\/06\/1_baracke-35_flyer_osnabr\u00fcck76935647.jpg\" class=\"attachment-full size-full wp-image-357\" alt=\"\" srcset=\"https:\/\/baracke35.org\/wp-content\/uploads\/2020\/06\/1_baracke-35_flyer_osnabr\u00fcck76935647.jpg 800w, https:\/\/baracke35.org\/wp-content\/uploads\/2020\/06\/1_baracke-35_flyer_osnabr\u00fcck76935647-300x149.jpg 300w, https:\/\/baracke35.org\/wp-content\/uploads\/2020\/06\/1_baracke-35_flyer_osnabr\u00fcck76935647-768x380.jpg 768w, https:\/\/baracke35.org\/wp-content\/uploads\/2020\/06\/1_baracke-35_flyer_osnabr\u00fcck76935647-700x347.jpg 700w\" sizes=\"(max-width: 800px) 100vw, 800px\" \/>\t\t\t\t\t\t\t\t\t\t\t\t\t\t\t<\/div>\n\t\t\t\t<\/div>\n\t\t\t\t\t<\/div>\n\t\t<\/div>\n\t\t\t\t\t<\/div>\n\t\t<\/section>\n\t\t\t\t<section class=\"elementor-section elementor-top-section elementor-element elementor-element-f045313 qode_elementor_container_inner elementor-section-boxed elementor-section-height-default elementor-section-height-default parallax_section_no\" data-id=\"f045313\" data-element_type=\"section\" data-e-type=\"section\">\n\t\t\t\t\t\t<div class=\"elementor-container elementor-column-gap-no\">\n\t\t\t\t\t<div class=\"elementor-column elementor-col-50 elementor-top-column elementor-element elementor-element-dac0758\" data-id=\"dac0758\" data-element_type=\"column\" data-e-type=\"column\">\n\t\t\t<div class=\"elementor-widget-wrap elementor-element-populated\">\n\t\t\t\t\t\t<div class=\"elementor-element elementor-element-85f72cb elementor-widget elementor-widget-image\" data-id=\"85f72cb\" data-element_type=\"widget\" data-e-type=\"widget\" data-widget_type=\"image.default\">\n\t\t\t\t<div class=\"elementor-widget-container\">\n\t\t\t\t\t\t\t\t\t\t\t\t\t\t\t<img decoding=\"async\" width=\"800\" height=\"396\" src=\"https:\/\/baracke35.org\/wp-content\/uploads\/2020\/06\/1_PicOf_6C_Nikolic1.jpg\" class=\"attachment-portfolio-landscape size-portfolio-landscape wp-image-361\" alt=\"\" srcset=\"https:\/\/baracke35.org\/wp-content\/uploads\/2020\/06\/1_PicOf_6C_Nikolic1.jpg 800w, https:\/\/baracke35.org\/wp-content\/uploads\/2020\/06\/1_PicOf_6C_Nikolic1-300x149.jpg 300w, https:\/\/baracke35.org\/wp-content\/uploads\/2020\/06\/1_PicOf_6C_Nikolic1-768x380.jpg 768w, https:\/\/baracke35.org\/wp-content\/uploads\/2020\/06\/1_PicOf_6C_Nikolic1-700x347.jpg 700w\" sizes=\"(max-width: 800px) 100vw, 800px\" \/>\t\t\t\t\t\t\t\t\t\t\t\t\t\t\t<\/div>\n\t\t\t\t<\/div>\n\t\t\t\t\t<\/div>\n\t\t<\/div>\n\t\t\t\t<div class=\"elementor-column elementor-col-50 elementor-top-column elementor-element elementor-element-3453f04\" data-id=\"3453f04\" data-element_type=\"column\" data-e-type=\"column\">\n\t\t\t<div class=\"elementor-widget-wrap elementor-element-populated\">\n\t\t\t\t\t\t<div class=\"elementor-element elementor-element-bb0b9ef elementor-widget elementor-widget-text-editor\" data-id=\"bb0b9ef\" data-element_type=\"widget\" data-e-type=\"widget\" data-widget_type=\"text-editor.default\">\n\t\t\t\t<div class=\"elementor-widget-container\">\n\t\t\t\t\t\t\t\t\t<h2><span class=\"wnd-font-size-70\">Gr\u00fcndung des Lagers in der Vorkriegszeit<\/span><\/h2>\t\t\t\t\t\t\t\t<\/div>\n\t\t\t\t<\/div>\n\t\t\t\t<div class=\"elementor-element elementor-element-1ba6452 elementor-widget elementor-widget-text-editor\" data-id=\"1ba6452\" data-element_type=\"widget\" data-e-type=\"widget\" data-widget_type=\"text-editor.default\">\n\t\t\t\t<div class=\"elementor-widget-container\">\n\t\t\t\t\t\t\t\t\t<p>Das Gel\u00e4nde, westlich der Landwehrstra\u00dfe gelegen, geh\u00f6rte bis 1933 den Kl\u00f6ckner-Werken, Abteilung Piesberg und Landwirten.<\/p><p>Bereits von 1935 bis 1937 bildeten die als Kaserne der Wehrmacht erbauten Holzbaracken den Kern der Anlage. Diese wurden seit Ende 1937 f\u00fcr das II. Erg\u00e4nzungs-Infanterie-Bataillon zur Ausbildung der &#8222;Wei\u00dfen Jahrg\u00e4nge&#8220; (geb. 1901 bis 1912\/13) genutzt.<\/p>\t\t\t\t\t\t\t\t<\/div>\n\t\t\t\t<\/div>\n\t\t\t\t\t<\/div>\n\t\t<\/div>\n\t\t\t\t\t<\/div>\n\t\t<\/section>\n\t\t\t\t<section class=\"elementor-section elementor-top-section elementor-element elementor-element-2f70e0c qode_elementor_container_inner elementor-section-boxed elementor-section-height-default elementor-section-height-default parallax_section_no\" data-id=\"2f70e0c\" data-element_type=\"section\" data-e-type=\"section\">\n\t\t\t\t\t\t<div class=\"elementor-container elementor-column-gap-no\">\n\t\t\t\t\t<div class=\"elementor-column elementor-col-50 elementor-top-column elementor-element elementor-element-9226934\" data-id=\"9226934\" data-element_type=\"column\" data-e-type=\"column\">\n\t\t\t<div class=\"elementor-widget-wrap elementor-element-populated\">\n\t\t\t\t\t\t<div class=\"elementor-element elementor-element-b609961 elementor-widget elementor-widget-text-editor\" data-id=\"b609961\" data-element_type=\"widget\" data-e-type=\"widget\" data-widget_type=\"text-editor.default\">\n\t\t\t\t<div class=\"elementor-widget-container\">\n\t\t\t\t\t\t\t\t\t<h2><span class=\"wnd-font-size-70\">Ausbau zum Kriegsgefangenenlager<\/span><\/h2>\t\t\t\t\t\t\t\t<\/div>\n\t\t\t\t<\/div>\n\t\t\t\t<div class=\"elementor-element elementor-element-c42a23c elementor-widget elementor-widget-text-editor\" data-id=\"c42a23c\" data-element_type=\"widget\" data-e-type=\"widget\" data-widget_type=\"text-editor.default\">\n\t\t\t\t<div class=\"elementor-widget-container\">\n\t\t\t\t\t\t\t\t\t<p>Um 1940 wurde das Lager Eversheide f\u00fcr politische- und Kriegsgefangene hergerichtet.<\/p><p>W\u00e4hrend des Frankreichfeldzugs Mai\/Juni 1940 wurden ca. 700 franz\u00f6sische Kriegsgefangene im Lager einquartiert, die im Oktober verlegt wurden.<\/p><p>Nach dem Balkanfeldzug M\u00e4rz\/April 1941 wurde es als Kriegsgefangenenlager mit 3247 neuen Gefangenen aus dem gesamten s\u00fcdosteurop\u00e4ischen Raum genutzt.<\/p><p>Bis 1943 vergr\u00f6\u00dferte such das Lager um weitere 22 Baracken. Die Zahl der Gefangenen stieg auf nahezu 5000 an, rund 400 davon j\u00fcdischen Glaubens. Neben den \u00fcberwiegend serbischen Offizieren gab es auch noch politische Gefangene aus Frankreich, Holland, Polen, Russland und der Ukraine.<\/p><p>Ende 1944 erfolgte die Zuweisung des Kriegsgefangenenwesens an Heinrich Himmler. Am 28. M\u00e4rz 1945 wurde das Lager aufgel\u00f6st und die Gefangenen wurden in ein Sammellager bei L\u00fcneburg geschickt um sp\u00e4ter als Befreite, zum Teil auch als DP&#8217;s zur\u00fcckzukehren. Es wurde unter Leitung der britischen Rheinarmee als Sommerlager eingerichtet.<\/p><p>Das Lager Eversheide spielte auch in den N\u00fcrnberger Prozessen aufrund der f\u00fcr ein OFLAG hohen Zahl von Folterungen und Erschie\u00dfungen eine Rolle.<\/p>\t\t\t\t\t\t\t\t<\/div>\n\t\t\t\t<\/div>\n\t\t\t\t\t<\/div>\n\t\t<\/div>\n\t\t\t\t<div class=\"elementor-column elementor-col-50 elementor-top-column elementor-element elementor-element-5826697\" data-id=\"5826697\" data-element_type=\"column\" data-e-type=\"column\">\n\t\t\t<div class=\"elementor-widget-wrap elementor-element-populated\">\n\t\t\t\t\t\t<div class=\"elementor-element elementor-element-caab216 elementor-widget elementor-widget-image\" data-id=\"caab216\" data-element_type=\"widget\" data-e-type=\"widget\" data-widget_type=\"image.default\">\n\t\t\t\t<div class=\"elementor-widget-container\">\n\t\t\t\t\t\t\t\t\t\t\t\t\t\t\t<img decoding=\"async\" width=\"800\" height=\"1063\" src=\"https:\/\/baracke35.org\/wp-content\/uploads\/2020\/06\/2_baracke-35_flyer_osnabr\u00fcck76935647.jpg\" class=\"attachment-full size-full wp-image-358\" alt=\"\" srcset=\"https:\/\/baracke35.org\/wp-content\/uploads\/2020\/06\/2_baracke-35_flyer_osnabr\u00fcck76935647.jpg 800w, https:\/\/baracke35.org\/wp-content\/uploads\/2020\/06\/2_baracke-35_flyer_osnabr\u00fcck76935647-226x300.jpg 226w, https:\/\/baracke35.org\/wp-content\/uploads\/2020\/06\/2_baracke-35_flyer_osnabr\u00fcck76935647-771x1024.jpg 771w, https:\/\/baracke35.org\/wp-content\/uploads\/2020\/06\/2_baracke-35_flyer_osnabr\u00fcck76935647-768x1020.jpg 768w, https:\/\/baracke35.org\/wp-content\/uploads\/2020\/06\/2_baracke-35_flyer_osnabr\u00fcck76935647-700x930.jpg 700w\" sizes=\"(max-width: 800px) 100vw, 800px\" \/>\t\t\t\t\t\t\t\t\t\t\t\t\t\t\t<\/div>\n\t\t\t\t<\/div>\n\t\t\t\t\t<\/div>\n\t\t<\/div>\n\t\t\t\t\t<\/div>\n\t\t<\/section>\n\t\t\t\t<section class=\"elementor-section elementor-top-section elementor-element elementor-element-d0ff2a0 qode_elementor_container_inner elementor-section-boxed elementor-section-height-default elementor-section-height-default parallax_section_no\" data-id=\"d0ff2a0\" data-element_type=\"section\" data-e-type=\"section\">\n\t\t\t\t\t\t<div class=\"elementor-container elementor-column-gap-no\">\n\t\t\t\t\t<div class=\"elementor-column elementor-col-50 elementor-top-column elementor-element elementor-element-46474d0\" data-id=\"46474d0\" data-element_type=\"column\" data-e-type=\"column\">\n\t\t\t<div class=\"elementor-widget-wrap elementor-element-populated\">\n\t\t\t\t\t\t<div class=\"elementor-element elementor-element-9db0aa1 elementor-widget elementor-widget-image\" data-id=\"9db0aa1\" data-element_type=\"widget\" data-e-type=\"widget\" data-widget_type=\"image.default\">\n\t\t\t\t<div class=\"elementor-widget-container\">\n\t\t\t\t\t\t\t\t\t\t\t\t\t\t\t<img loading=\"lazy\" decoding=\"async\" width=\"800\" height=\"396\" src=\"https:\/\/baracke35.org\/wp-content\/uploads\/2020\/06\/1_slider-1.jpg\" class=\"attachment-full size-full wp-image-359\" alt=\"\" srcset=\"https:\/\/baracke35.org\/wp-content\/uploads\/2020\/06\/1_slider-1.jpg 800w, https:\/\/baracke35.org\/wp-content\/uploads\/2020\/06\/1_slider-1-300x149.jpg 300w, https:\/\/baracke35.org\/wp-content\/uploads\/2020\/06\/1_slider-1-768x380.jpg 768w, https:\/\/baracke35.org\/wp-content\/uploads\/2020\/06\/1_slider-1-700x347.jpg 700w\" sizes=\"(max-width: 800px) 100vw, 800px\" \/>\t\t\t\t\t\t\t\t\t\t\t\t\t\t\t<\/div>\n\t\t\t\t<\/div>\n\t\t\t\t\t<\/div>\n\t\t<\/div>\n\t\t\t\t<div class=\"elementor-column elementor-col-50 elementor-top-column elementor-element elementor-element-c2a3c43\" data-id=\"c2a3c43\" data-element_type=\"column\" data-e-type=\"column\">\n\t\t\t<div class=\"elementor-widget-wrap elementor-element-populated\">\n\t\t\t\t\t\t<div class=\"elementor-element elementor-element-34ded6d elementor-widget elementor-widget-text-editor\" data-id=\"34ded6d\" data-element_type=\"widget\" data-e-type=\"widget\" data-widget_type=\"text-editor.default\">\n\t\t\t\t<div class=\"elementor-widget-container\">\n\t\t\t\t\t\t\t\t\t<h2><span class=\"wnd-font-size-70\">Nach dem Ende des 2. Weltkrieges<\/span><\/h2>\t\t\t\t\t\t\t\t<\/div>\n\t\t\t\t<\/div>\n\t\t\t\t<div class=\"elementor-element elementor-element-7f421f1 elementor-widget elementor-widget-text-editor\" data-id=\"7f421f1\" data-element_type=\"widget\" data-e-type=\"widget\" data-widget_type=\"text-editor.default\">\n\t\t\t\t<div class=\"elementor-widget-container\">\n\t\t\t\t\t\t\t\t\t<p>Nach Kriegsende diente das Lager Eversheide als Sammelunterkunft f\u00fcr die &#8222;Displaced Persons&#8220;. F\u00fcr diesen Personenkreiswar meistens die R\u00fcckkehr in ihr jeweiliges Heimatland unm\u00f6glich oder ausgeschlossen. Anfang der 50er Jahre zogen britische Soldaten in den als &#8222;Quebeck-Barracks&#8220; umbenannten Lagerkomplex ein. Nach Abzug der britischen Rheinarmee folgte am 25. September 2008 die \u00dcbergabe an die Verwaltung der Bundesanstalt f\u00fcr Immobilienaufgaben (BIMA).<\/p>\t\t\t\t\t\t\t\t<\/div>\n\t\t\t\t<\/div>\n\t\t\t\t\t<\/div>\n\t\t<\/div>\n\t\t\t\t\t<\/div>\n\t\t<\/section>\n\t\t\t\t<section class=\"elementor-section elementor-top-section elementor-element elementor-element-3d6f167 elementor-section-boxed elementor-section-height-default elementor-section-height-default parallax_section_no qode_elementor_container_no\" data-id=\"3d6f167\" data-element_type=\"section\" data-e-type=\"section\">\n\t\t\t\t\t\t<div class=\"elementor-container elementor-column-gap-default\">\n\t\t\t\t\t<div class=\"elementor-column elementor-col-100 elementor-top-column elementor-element elementor-element-4b82e16\" data-id=\"4b82e16\" data-element_type=\"column\" data-e-type=\"column\">\n\t\t\t<div class=\"elementor-widget-wrap elementor-element-populated\">\n\t\t\t\t\t\t<div class=\"elementor-element elementor-element-4b8f7e7 elementor-widget elementor-widget-spacer\" data-id=\"4b8f7e7\" data-element_type=\"widget\" data-e-type=\"widget\" data-widget_type=\"spacer.default\">\n\t\t\t\t<div class=\"elementor-widget-container\">\n\t\t\t\t\t\t\t<div class=\"elementor-spacer\">\n\t\t\t<div class=\"elementor-spacer-inner\"><\/div>\n\t\t<\/div>\n\t\t\t\t\t\t<\/div>\n\t\t\t\t<\/div>\n\t\t\t\t\t<\/div>\n\t\t<\/div>\n\t\t\t\t\t<\/div>\n\t\t<\/section>\n\t\t\t\t<section class=\"elementor-section elementor-top-section elementor-element elementor-element-d5d971a elementor-section-boxed elementor-section-height-default elementor-section-height-default parallax_section_no qode_elementor_container_no\" data-id=\"d5d971a\" data-element_type=\"section\" data-e-type=\"section\">\n\t\t\t\t\t\t<div class=\"elementor-container elementor-column-gap-default\">\n\t\t\t\t\t<div class=\"elementor-column elementor-col-100 elementor-top-column elementor-element elementor-element-7bf43e3\" data-id=\"7bf43e3\" data-element_type=\"column\" data-e-type=\"column\">\n\t\t\t<div class=\"elementor-widget-wrap elementor-element-populated\">\n\t\t\t\t\t\t<section class=\"elementor-section elementor-inner-section elementor-element elementor-element-9935485 elementor-section-boxed elementor-section-height-default elementor-section-height-default parallax_section_no qode_elementor_container_no\" data-id=\"9935485\" data-element_type=\"section\" data-e-type=\"section\">\n\t\t\t\t\t\t<div class=\"elementor-container elementor-column-gap-default\">\n\t\t\t\t\t<div class=\"elementor-column elementor-col-50 elementor-inner-column elementor-element elementor-element-751f3d4\" data-id=\"751f3d4\" data-element_type=\"column\" data-e-type=\"column\">\n\t\t\t<div class=\"elementor-widget-wrap elementor-element-populated\">\n\t\t\t\t\t\t<div class=\"elementor-element elementor-element-b1e6815 elementor-widget elementor-widget-text-editor\" data-id=\"b1e6815\" data-element_type=\"widget\" data-e-type=\"widget\" data-widget_type=\"text-editor.default\">\n\t\t\t\t<div class=\"elementor-widget-container\">\n\t\t\t\t\t\t\t\t\t<h2><span class=\"wnd-font-size-60\">Heute: &#8222;Lebendige Baracke&#8220;<\/span><\/h2>\t\t\t\t\t\t\t\t<\/div>\n\t\t\t\t<\/div>\n\t\t\t\t<div class=\"elementor-element elementor-element-bc90995 elementor-widget elementor-widget-text-editor\" data-id=\"bc90995\" data-element_type=\"widget\" data-e-type=\"widget\" data-widget_type=\"text-editor.default\">\n\t\t\t\t<div class=\"elementor-widget-container\">\n\t\t\t\t\t\t\t\t\t<p>Die Baracke ist offen f\u00fcr alle B\u00fcrger*innen sowie f\u00fcr alle Veranstaltungsformen, die den Friedensgedanken st\u00e4rken.<\/p><p>Ziel des Vereins ist, in den R\u00e4umen der Baracke Nr. 35 neben Gastveranstaltungen die vereinsinternen Satzungszwecke zu realisieren.<\/p><p>Dies soll insbesondere geschehen durch:<br \/><br \/><\/p><p>&#8211; Aufkl\u00e4rungs- und Informationsarbeit durch Vortragsveranstaltungen und Wechselausstellungen zu aktuellen Themen<\/p><p>&#8211; Aufarbeitung historischen Materials durch Arbeitsgruppen, auch in Projektwochen mit Schulen<\/p><p>&#8211; Planung einer interaktiven Internetpr\u00e4senz \u00fcber Homepage und Kommunikationsmechanismen<\/p><h2><span class=\"wnd-font-size-60\">\u00a0<\/span><\/h2>\t\t\t\t\t\t\t\t<\/div>\n\t\t\t\t<\/div>\n\t\t\t\t\t<\/div>\n\t\t<\/div>\n\t\t\t\t<div class=\"elementor-column elementor-col-50 elementor-inner-column elementor-element elementor-element-e666351\" data-id=\"e666351\" data-element_type=\"column\" data-e-type=\"column\">\n\t\t\t<div class=\"elementor-widget-wrap\">\n\t\t\t\t\t\t\t<\/div>\n\t\t<\/div>\n\t\t\t\t\t<\/div>\n\t\t<\/section>\n\t\t\t\t\t<\/div>\n\t\t<\/div>\n\t\t\t\t\t<\/div>\n\t\t<\/section>\n\t\t\t\t<section class=\"elementor-section elementor-top-section elementor-element elementor-element-f01ad30 elementor-section-boxed elementor-section-height-default elementor-section-height-default parallax_section_no qode_elementor_container_no\" data-id=\"f01ad30\" data-element_type=\"section\" data-e-type=\"section\">\n\t\t\t\t\t\t<div class=\"elementor-container elementor-column-gap-default\">\n\t\t\t\t\t<div class=\"elementor-column elementor-col-100 elementor-top-column elementor-element elementor-element-43b4c8f\" data-id=\"43b4c8f\" data-element_type=\"column\" data-e-type=\"column\">\n\t\t\t<div class=\"elementor-widget-wrap\">\n\t\t\t\t\t\t\t<\/div>\n\t\t<\/div>\n\t\t\t\t\t<\/div>\n\t\t<\/section>\n\t\t\t\t<section class=\"elementor-section elementor-top-section elementor-element elementor-element-eaf3c4c elementor-section-boxed elementor-section-height-default elementor-section-height-default parallax_section_no qode_elementor_container_no\" data-id=\"eaf3c4c\" data-element_type=\"section\" data-e-type=\"section\">\n\t\t\t\t\t\t<div class=\"elementor-container elementor-column-gap-default\">\n\t\t\t\t\t<div class=\"elementor-column elementor-col-100 elementor-top-column elementor-element elementor-element-7a05bba\" data-id=\"7a05bba\" data-element_type=\"column\" data-e-type=\"column\">\n\t\t\t<div class=\"elementor-widget-wrap\">\n\t\t\t\t\t\t\t<\/div>\n\t\t<\/div>\n\t\t\t\t\t<\/div>\n\t\t<\/section>\n\t\t\t\t<\/div>\n\t\t","protected":false},"excerpt":{"rendered":"<p>Unsere Geschichte: Die \u00fcber 70-j\u00e4hrige Geschichte der Barackenanlage in Osnabr\u00fcck-Atter l\u00e4sst sich in vier wichtige Zeitabschnitte gliedern: Gr\u00fcndung des Lagers in der Vorkriegszeit Das Gel\u00e4nde, westlich der Landwehrstra\u00dfe gelegen, geh\u00f6rte bis 1933 den Kl\u00f6ckner-Werken, Abteilung Piesberg und Landwirten. Bereits von 1935 bis 1937 bildeten die&#8230;<\/p>\n","protected":false},"author":1,"featured_media":0,"parent":0,"menu_order":0,"comment_status":"closed","ping_status":"closed","template":"full_width.php","meta":{"footnotes":""},"class_list":["post-139","page","type-page","status-publish","hentry"],"_links":{"self":[{"href":"http:\/\/baracke35.org\/index.php?rest_route=\/wp\/v2\/pages\/139","targetHints":{"allow":["GET"]}}],"collection":[{"href":"http:\/\/baracke35.org\/index.php?rest_route=\/wp\/v2\/pages"}],"about":[{"href":"http:\/\/baracke35.org\/index.php?rest_route=\/wp\/v2\/types\/page"}],"author":[{"embeddable":true,"href":"http:\/\/baracke35.org\/index.php?rest_route=\/wp\/v2\/users\/1"}],"replies":[{"embeddable":true,"href":"http:\/\/baracke35.org\/index.php?rest_route=%2Fwp%2Fv2%2Fcomments&post=139"}],"version-history":[{"count":17,"href":"http:\/\/baracke35.org\/index.php?rest_route=\/wp\/v2\/pages\/139\/revisions"}],"predecessor-version":[{"id":620,"href":"http:\/\/baracke35.org\/index.php?rest_route=\/wp\/v2\/pages\/139\/revisions\/620"}],"wp:attachment":[{"href":"http:\/\/baracke35.org\/index.php?rest_route=%2Fwp%2Fv2%2Fmedia&parent=139"}],"curies":[{"name":"wp","href":"https:\/\/api.w.org\/{rel}","templated":true}]}}