{"id":112,"date":"2020-04-22T09:19:18","date_gmt":"2020-04-22T09:19:18","guid":{"rendered":"https:\/\/bridge356.qodeinteractive.com\/?page_id=112"},"modified":"2025-08-12T18:00:44","modified_gmt":"2025-08-12T16:00:44","slug":"abou-us","status":"publish","type":"page","link":"https:\/\/baracke35.org\/?page_id=112","title":{"rendered":"\u00dcBER UNS"},"content":{"rendered":"\t\t<div data-elementor-type=\"wp-page\" data-elementor-id=\"112\" class=\"elementor elementor-112\">\n\t\t\t\t\t\t<section class=\"elementor-section elementor-top-section elementor-element elementor-element-ddfe03f elementor-section-full_width elementor-section-height-default elementor-section-height-default parallax_section_no qode_elementor_container_no\" data-id=\"ddfe03f\" data-element_type=\"section\" data-e-type=\"section\">\n\t\t\t\t\t\t<div class=\"elementor-container elementor-column-gap-no\">\n\t\t\t\t\t<div class=\"elementor-column elementor-col-100 elementor-top-column elementor-element elementor-element-774f5ac\" data-id=\"774f5ac\" data-element_type=\"column\" data-e-type=\"column\">\n\t\t\t<div class=\"elementor-widget-wrap\">\n\t\t\t\t\t\t\t<\/div>\n\t\t<\/div>\n\t\t\t\t\t<\/div>\n\t\t<\/section>\n\t\t\t\t<section class=\"elementor-section elementor-top-section elementor-element elementor-element-3c660bd4 elementor-section-full_width elementor-section-height-default elementor-section-height-default parallax_section_no qode_elementor_container_no\" data-id=\"3c660bd4\" data-element_type=\"section\" data-e-type=\"section\">\n\t\t\t\t\t\t<div class=\"elementor-container elementor-column-gap-no\">\n\t\t\t\t\t<div class=\"elementor-column elementor-col-100 elementor-top-column elementor-element elementor-element-4ebc42bf\" data-id=\"4ebc42bf\" data-element_type=\"column\" data-e-type=\"column\">\n\t\t\t<div class=\"elementor-widget-wrap elementor-element-populated\">\n\t\t\t\t\t\t<div class=\"elementor-element elementor-element-5632ceeb elementor-widget__width-initial elementor-widget elementor-widget-text-editor\" data-id=\"5632ceeb\" data-element_type=\"widget\" data-e-type=\"widget\" data-widget_type=\"text-editor.default\">\n\t\t\t\t<div class=\"elementor-widget-container\">\n\t\t\t\t\t\t\t\t\t<div><div><div><div><p>Der Verein Antikriegsbaracke Atter-Osnabr\u00fcck e.V. (F\u00f6rderverein Antikriegskultur &amp; Friedenshandeln) wurde Anfang 2010 als gemeinn\u00fctziger Verein gegr\u00fcndet.<\/p><p>Bereits 2009 wurde die Baracke 35 durch das Nieders\u00e4chsische Ministerium f\u00fcr Kultur und Wissenschaft unter Denkmalschutz gestellt.<\/p><div><div><p>Die R\u00e4umlichkeiten will der Verein langfristig f\u00fcr die F\u00f6rderung von\u00a0Antikriegskultur und speziell f\u00fcr die Bildung von Sch\u00fclern und Jugendlichen nutzen, sowie einen offenen Raum f\u00fcr Kunst und Kultur schaffen, die den Friedensgedanken st\u00e4rkt.<\/p><\/div><\/div><\/div><\/div><\/div><\/div><div>\u00a0<\/div><div>\u00a0<\/div><div>\u00a0<\/div><div>\u00a0<\/div><div>\u00a0<\/div>\t\t\t\t\t\t\t\t<\/div>\n\t\t\t\t<\/div>\n\t\t\t\t<div class=\"elementor-element elementor-element-40171331 elementor-widget__width-initial elementor-widget elementor-widget-image\" data-id=\"40171331\" data-element_type=\"widget\" data-e-type=\"widget\" data-widget_type=\"image.default\">\n\t\t\t\t<div class=\"elementor-widget-container\">\n\t\t\t\t\t\t\t\t\t\t\t\t\t\t\t<img fetchpriority=\"high\" decoding=\"async\" width=\"2560\" height=\"1266\" src=\"https:\/\/baracke35.org\/wp-content\/uploads\/2025\/04\/Totale-Baracke-scaled.jpg\" class=\"attachment-full size-full wp-image-597\" alt=\"\" srcset=\"https:\/\/baracke35.org\/wp-content\/uploads\/2025\/04\/Totale-Baracke-scaled.jpg 2560w, https:\/\/baracke35.org\/wp-content\/uploads\/2025\/04\/Totale-Baracke-300x148.jpg 300w, https:\/\/baracke35.org\/wp-content\/uploads\/2025\/04\/Totale-Baracke-1024x507.jpg 1024w, https:\/\/baracke35.org\/wp-content\/uploads\/2025\/04\/Totale-Baracke-768x380.jpg 768w, https:\/\/baracke35.org\/wp-content\/uploads\/2025\/04\/Totale-Baracke-1536x760.jpg 1536w, https:\/\/baracke35.org\/wp-content\/uploads\/2025\/04\/Totale-Baracke-2048x1013.jpg 2048w, https:\/\/baracke35.org\/wp-content\/uploads\/2025\/04\/Totale-Baracke-700x346.jpg 700w\" sizes=\"(max-width: 2560px) 100vw, 2560px\" \/>\t\t\t\t\t\t\t\t\t\t\t\t\t\t\t<\/div>\n\t\t\t\t<\/div>\n\t\t\t\t<div class=\"elementor-element elementor-element-772a31f2 elementor-widget elementor-widget-bridge_button\" data-id=\"772a31f2\" data-element_type=\"widget\" data-e-type=\"widget\" data-widget_type=\"bridge_button.default\">\n\t\t\t\t<div class=\"elementor-widget-container\">\n\t\t\t\t\t<a  itemprop=\"url\" href=\"http:\/\/baracke35.org\/?page_id=205\" target=\"_self\"  class=\"qbutton  default\" style=\"\">KONTAKT<\/a>\t\t\t\t<\/div>\n\t\t\t\t<\/div>\n\t\t\t\t\t<\/div>\n\t\t<\/div>\n\t\t\t\t\t<\/div>\n\t\t<\/section>\n\t\t\t\t<section class=\"elementor-section elementor-top-section elementor-element elementor-element-bcbd48e elementor-section-boxed elementor-section-height-default elementor-section-height-default parallax_section_no qode_elementor_container_no\" data-id=\"bcbd48e\" data-element_type=\"section\" data-e-type=\"section\">\n\t\t\t\t\t\t<div class=\"elementor-container elementor-column-gap-default\">\n\t\t\t\t\t<div class=\"elementor-column elementor-col-100 elementor-top-column elementor-element elementor-element-ba68ca1\" data-id=\"ba68ca1\" data-element_type=\"column\" data-e-type=\"column\">\n\t\t\t<div class=\"elementor-widget-wrap\">\n\t\t\t\t\t\t\t<\/div>\n\t\t<\/div>\n\t\t\t\t\t<\/div>\n\t\t<\/section>\n\t\t\t\t<section class=\"elementor-section elementor-top-section elementor-element elementor-element-cd1bc34 elementor-section-boxed elementor-section-height-default elementor-section-height-default parallax_section_no qode_elementor_container_no\" data-id=\"cd1bc34\" data-element_type=\"section\" data-e-type=\"section\">\n\t\t\t\t\t\t<div class=\"elementor-container elementor-column-gap-default\">\n\t\t\t\t\t<div class=\"elementor-column elementor-col-100 elementor-top-column elementor-element elementor-element-bc49ddd\" data-id=\"bc49ddd\" data-element_type=\"column\" data-e-type=\"column\">\n\t\t\t<div class=\"elementor-widget-wrap elementor-element-populated\">\n\t\t\t\t\t\t\t<\/div>\n\t\t<\/div>\n\t\t\t\t\t<\/div>\n\t\t<\/section>\n\t\t\t\t<\/div>\n\t\t","protected":false},"excerpt":{"rendered":"<p>Der Verein Antikriegsbaracke Atter-Osnabr\u00fcck e.V. (F\u00f6rderverein Antikriegskultur &amp; Friedenshandeln) wurde Anfang 2010 als gemeinn\u00fctziger Verein gegr\u00fcndet. Bereits 2009 wurde die Baracke 35 durch das Nieders\u00e4chsische Ministerium f\u00fcr Kultur und Wissenschaft unter Denkmalschutz gestellt. Die R\u00e4umlichkeiten will der Verein langfristig f\u00fcr die F\u00f6rderung von\u00a0Antikriegskultur und speziell&#8230;<\/p>\n","protected":false},"author":1,"featured_media":0,"parent":0,"menu_order":0,"comment_status":"closed","ping_status":"closed","template":"full_width.php","meta":{"footnotes":""},"class_list":["post-112","page","type-page","status-publish","hentry"],"_links":{"self":[{"href":"https:\/\/baracke35.org\/index.php?rest_route=\/wp\/v2\/pages\/112","targetHints":{"allow":["GET"]}}],"collection":[{"href":"https:\/\/baracke35.org\/index.php?rest_route=\/wp\/v2\/pages"}],"about":[{"href":"https:\/\/baracke35.org\/index.php?rest_route=\/wp\/v2\/types\/page"}],"author":[{"embeddable":true,"href":"https:\/\/baracke35.org\/index.php?rest_route=\/wp\/v2\/users\/1"}],"replies":[{"embeddable":true,"href":"https:\/\/baracke35.org\/index.php?rest_route=%2Fwp%2Fv2%2Fcomments&post=112"}],"version-history":[{"count":20,"href":"https:\/\/baracke35.org\/index.php?rest_route=\/wp\/v2\/pages\/112\/revisions"}],"predecessor-version":[{"id":627,"href":"https:\/\/baracke35.org\/index.php?rest_route=\/wp\/v2\/pages\/112\/revisions\/627"}],"wp:attachment":[{"href":"https:\/\/baracke35.org\/index.php?rest_route=%2Fwp%2Fv2%2Fmedia&parent=112"}],"curies":[{"name":"wp","href":"https:\/\/api.w.org\/{rel}","templated":true}]}}