{"id":205,"date":"2020-04-22T12:00:11","date_gmt":"2020-04-22T12:00:11","guid":{"rendered":"https:\/\/bridge356.qodeinteractive.com\/?page_id=205"},"modified":"2025-08-12T19:12:24","modified_gmt":"2025-08-12T17:12:24","slug":"contact","status":"publish","type":"page","link":"https:\/\/baracke35.org\/?page_id=205","title":{"rendered":"KONTAKT"},"content":{"rendered":"<p>&nbsp;<\/p>\n<h1>Nehmen Sie Kontakt auf:<\/h1>\n<h4><span style=\"color: #000000;\">Standort<\/span><\/h4>\n<p><span style=\"color: #000000;\">Landwehrstra\u00dfe<\/span><\/p>\n<p><span style=\"color: #000000;\">gegen\u00fcber Hs.-Nr. 25<\/span><\/p>\n<p><span style=\"color: #000000;\">Osnabr\u00fcck<\/span><\/p>\n<h4><span style=\"color: #000000;\">Kontakt<\/span><\/h4>\n<p><span style=\"color: #000000;\">Iljana Miloradovi\u010d (mobil: 0171 \/ 3099837)<\/span><br \/>\n<span style=\"color: #000000;\">Lilli Penno (Tel: 05407 \/ 30569)<\/span><br \/>\n<span style=\"color: #000000;\">E-Mail: info@baracke35.org<\/span><\/p>\n","protected":false},"excerpt":{"rendered":"<p>&nbsp; Nehmen Sie Kontakt auf: Standort Landwehrstra\u00dfe gegen\u00fcber Hs.-Nr. 25 Osnabr\u00fcck Kontakt Iljana Miloradovi\u010d (mobil: 0171 \/ 3099837) Lilli Penno (Tel: 05407 \/ 30569) E-Mail: info@baracke35.org<\/p>\n","protected":false},"author":1,"featured_media":0,"parent":0,"menu_order":0,"comment_status":"closed","ping_status":"closed","template":"full_width.php","meta":{"footnotes":""},"class_list":["post-205","page","type-page","status-publish","hentry"],"_links":{"self":[{"href":"https:\/\/baracke35.org\/index.php?rest_route=\/wp\/v2\/pages\/205","targetHints":{"allow":["GET"]}}],"collection":[{"href":"https:\/\/baracke35.org\/index.php?rest_route=\/wp\/v2\/pages"}],"about":[{"href":"https:\/\/baracke35.org\/index.php?rest_route=\/wp\/v2\/types\/page"}],"author":[{"embeddable":true,"href":"https:\/\/baracke35.org\/index.php?rest_route=\/wp\/v2\/users\/1"}],"replies":[{"embeddable":true,"href":"https:\/\/baracke35.org\/index.php?rest_route=%2Fwp%2Fv2%2Fcomments&post=205"}],"version-history":[{"count":21,"href":"https:\/\/baracke35.org\/index.php?rest_route=\/wp\/v2\/pages\/205\/revisions"}],"predecessor-version":[{"id":626,"href":"https:\/\/baracke35.org\/index.php?rest_route=\/wp\/v2\/pages\/205\/revisions\/626"}],"wp:attachment":[{"href":"https:\/\/baracke35.org\/index.php?rest_route=%2Fwp%2Fv2%2Fmedia&parent=205"}],"curies":[{"name":"wp","href":"https:\/\/api.w.org\/{rel}","templated":true}]}}